{"id":153,"date":"2018-10-02T12:40:12","date_gmt":"2018-10-02T12:40:12","guid":{"rendered":"http:\/\/karate-trostberg.net\/?page_id=153"},"modified":"2018-10-02T13:04:16","modified_gmt":"2018-10-02T13:04:16","slug":"kontakt_x","status":"publish","type":"page","link":"https:\/\/karate-trostberg.de\/?page_id=153","title":{"rendered":"Kontakt"},"content":{"rendered":"<p>[et_pb_section bb_built=&#8220;1&#8243; fullwidth=&#8220;on&#8220; specialty=&#8220;off&#8220; next_background_color=&#8220;#000000&#8243; _builder_version=&#8220;3.15&#8243;][et_pb_fullwidth_image _builder_version=&#8220;3.15&#8243; src=&#8220;http:\/\/karate-trostberg.net\/wp-content\/uploads\/2018\/10\/kontakt.jpg&#8220; \/][\/et_pb_section][et_pb_section bb_built=&#8220;1&#8243; specialty=&#8220;off&#8220; _builder_version=&#8220;3.15&#8243; prev_background_color=&#8220;#000000&#8243;][et_pb_row][et_pb_column type=&#8220;3_4&#8243;][et_pb_text _builder_version=&#8220;3.15&#8243;]<\/p>\n<p><h1>Kontakt<\/h1>\n<\/p>\n<p>F\u00fcr Fragen, Infos, Ausk\u00fcnfte f\u00fcllen Sie bitte nachfolgendes Formular aus um mit uns Kontakt aufzunehmen. Mit Klick auf den Abschicken Button best\u00e4tigen Sie, dass sie unsere <a href=\"http:\/\/karate-trostberg.net\/?page_id=5\">Datenschutzerkl\u00e4rung<\/a> gelesen und zugestimmt haben.<\/p>\n<p>&nbsp;<\/p>\n<p>[\/et_pb_text][et_pb_contact_form _builder_version=&#8220;3.15&#8243; success_message=&#8220;Ihre Meldung wurde erfolgreich an uns versandt. &#8220; submit_button_text=&#8220;abschicken&#8220; email=&#8220;info@karate-trostberg.de&#8220; custom_message=&#8220;%%Vorname%% %%Name%% (%%Email%%) schreibt:||et_pb_line_break_holder||||et_pb_line_break_holder||%%Message%%&#8220;][et_pb_contact_field _builder_version=&#8220;3.15&#8243; field_id=&#8220;Vorname&#8220; field_title=&#8220;Vorname&#8220; field_type=&#8220;input&#8220; checkbox_checked=&#8220;off&#8220; checkbox_options=&#8220;%91{%22value%22:%22%22,%22checked%22:0}%93&#8243; radio_options=&#8220;%91{%22value%22:%22%22,%22checked%22:0}%93&#8243; select_options=&#8220;%91{%22value%22:%22%22,%22checked%22:0}%93&#8243; min_length=&#8220;0&#8243; max_length=&#8220;0&#8243; allowed_symbols=&#8220;all&#8220; required_mark=&#8220;on&#8220; conditional_logic=&#8220;off&#8220; conditional_logic_relation=&#8220;off&#8220; conditional_logic_rules=&#8220;%91{%22field%22:%22name%22,%22condition%22:%22is%22,%22value%22:%22%22}%93&#8243; use_background_color_gradient=&#8220;off&#8220; background_color_gradient_start=&#8220;#2b87da&#8220; background_color_gradient_end=&#8220;#29c4a9&#8243; background_color_gradient_type=&#8220;linear&#8220; background_color_gradient_direction=&#8220;180deg&#8220; background_color_gradient_direction_radial=&#8220;center&#8220; background_color_gradient_start_position=&#8220;0%&#8220; background_color_gradient_end_position=&#8220;100%&#8220; background_color_gradient_overlays_image=&#8220;off&#8220; parallax=&#8220;off&#8220; parallax_method=&#8220;on&#8220; background_size=&#8220;cover&#8220; background_position=&#8220;center&#8220; background_repeat=&#8220;no-repeat&#8220; background_blend=&#8220;normal&#8220; allow_player_pause=&#8220;off&#8220; background_video_pause_outside_viewport=&#8220;on&#8220; fullwidth_field=&#8220;off&#8220; form_field_text_shadow_style=&#8220;none&#8220; box_shadow_style=&#8220;none&#8220; \/][et_pb_contact_field field_title=&#8220;Name&#8220; field_type=&#8220;input&#8220; field_id=&#8220;Name&#8220; required_mark=&#8220;on&#8220; fullwidth_field=&#8220;off&#8220; _builder_version=&#8220;3.15&#8243; checkbox_checked=&#8220;off&#8220; checkbox_options=&#8220;%91{%22value%22:%22Name%22,%22checked%22:0}%93&#8243; radio_options=&#8220;%91{%22value%22:%22Name%22,%22checked%22:0}%93&#8243; select_options=&#8220;%91{%22value%22:%22Name%22,%22checked%22:0}%93&#8243; min_length=&#8220;0&#8243; max_length=&#8220;0&#8243; allowed_symbols=&#8220;all&#8220; conditional_logic=&#8220;off&#8220; conditional_logic_relation=&#8220;off&#8220; conditional_logic_rules=&#8220;%91{%22field%22:%22email%22,%22condition%22:%22is%22,%22value%22:%22%22}%93&#8243; use_background_color_gradient=&#8220;off&#8220; background_color_gradient_start=&#8220;#2b87da&#8220; background_color_gradient_end=&#8220;#29c4a9&#8243; background_color_gradient_type=&#8220;linear&#8220; background_color_gradient_direction=&#8220;180deg&#8220; background_color_gradient_direction_radial=&#8220;center&#8220; background_color_gradient_start_position=&#8220;0%&#8220; background_color_gradient_end_position=&#8220;100%&#8220; background_color_gradient_overlays_image=&#8220;off&#8220; parallax=&#8220;off&#8220; parallax_method=&#8220;on&#8220; background_size=&#8220;cover&#8220; background_position=&#8220;center&#8220; background_repeat=&#8220;no-repeat&#8220; background_blend=&#8220;normal&#8220; allow_player_pause=&#8220;off&#8220; background_video_pause_outside_viewport=&#8220;on&#8220; form_field_text_shadow_style=&#8220;none&#8220; box_shadow_style=&#8220;none&#8220; \/][et_pb_contact_field field_title=&#8220;E-Mail-Adresse&#8220; field_type=&#8220;email&#8220; field_id=&#8220;Email&#8220; required_mark=&#8220;on&#8220; fullwidth_field=&#8220;off&#8220; _builder_version=&#8220;3.15&#8243; checkbox_checked=&#8220;off&#8220; checkbox_options=&#8220;%91{%22value%22:%22E-Mail-Adresse%22,%22checked%22:0}%93&#8243; radio_options=&#8220;%91{%22value%22:%22E-Mail-Adresse%22,%22checked%22:0}%93&#8243; select_options=&#8220;%91{%22value%22:%22E-Mail-Adresse%22,%22checked%22:0}%93&#8243; min_length=&#8220;0&#8243; max_length=&#8220;0&#8243; allowed_symbols=&#8220;all&#8220; conditional_logic=&#8220;off&#8220; conditional_logic_relation=&#8220;off&#8220; conditional_logic_rules=&#8220;%91{%22field%22:%22vorname%22,%22condition%22:%22is%22,%22value%22:%22%22}%93&#8243; use_background_color_gradient=&#8220;off&#8220; background_color_gradient_start=&#8220;#2b87da&#8220; background_color_gradient_end=&#8220;#29c4a9&#8243; background_color_gradient_type=&#8220;linear&#8220; background_color_gradient_direction=&#8220;180deg&#8220; background_color_gradient_direction_radial=&#8220;center&#8220; background_color_gradient_start_position=&#8220;0%&#8220; background_color_gradient_end_position=&#8220;100%&#8220; background_color_gradient_overlays_image=&#8220;off&#8220; parallax=&#8220;off&#8220; parallax_method=&#8220;on&#8220; background_size=&#8220;cover&#8220; background_position=&#8220;center&#8220; background_repeat=&#8220;no-repeat&#8220; background_blend=&#8220;normal&#8220; allow_player_pause=&#8220;off&#8220; background_video_pause_outside_viewport=&#8220;on&#8220; form_field_text_shadow_style=&#8220;none&#8220; box_shadow_style=&#8220;none&#8220; \/][et_pb_contact_field field_title=&#8220;Nachricht&#8220; field_type=&#8220;text&#8220; field_id=&#8220;Message&#8220; required_mark=&#8220;on&#8220; fullwidth_field=&#8220;on&#8220; _builder_version=&#8220;3.15&#8243; \/][\/et_pb_contact_form][\/et_pb_column][et_pb_column type=&#8220;1_4&#8243;][et_pb_sidebar _builder_version=&#8220;3.15&#8243; area=&#8220;sidebar-1&#8243; orientation=&#8220;right&#8220; custom_margin=&#8220;20px|||&#8220; \/][\/et_pb_column][\/et_pb_row][\/et_pb_section]<\/p>\n","protected":false},"excerpt":{"rendered":"<p><div class=\"et_pb_row et_pb_row_0 et_pb_row_empty\">\n\t\t\t\t\n\t\t\t\t\n\t\t\t\t\n\t\t\t\t\n\t\t\t\t\n\t\t\t<\/div> Kontakt F\u00fcr Fragen, Infos, Ausk\u00fcnfte f\u00fcllen Sie bitte nachfolgendes Formular aus um mit uns Kontakt aufzunehmen. Mit Klick auf den Abschicken Button best\u00e4tigen Sie, dass sie unsere Datenschutzerkl\u00e4rung gelesen und zugestimmt haben. &nbsp;<\/p>\n","protected":false},"author":1,"featured_media":0,"parent":0,"menu_order":0,"comment_status":"closed","ping_status":"closed","template":"","meta":{"_et_pb_use_builder":"on","_et_pb_old_content":"","_et_gb_content_width":"","_FSMCFIC_featured_image_caption":"","_FSMCFIC_featured_image_nocaption":"","_FSMCFIC_featured_image_hide":"","footnotes":""},"ppma_author":[17],"_links":{"self":[{"href":"https:\/\/karate-trostberg.de\/index.php?rest_route=\/wp\/v2\/pages\/153"}],"collection":[{"href":"https:\/\/karate-trostberg.de\/index.php?rest_route=\/wp\/v2\/pages"}],"about":[{"href":"https:\/\/karate-trostberg.de\/index.php?rest_route=\/wp\/v2\/types\/page"}],"author":[{"embeddable":true,"href":"https:\/\/karate-trostberg.de\/index.php?rest_route=\/wp\/v2\/users\/1"}],"replies":[{"embeddable":true,"href":"https:\/\/karate-trostberg.de\/index.php?rest_route=%2Fwp%2Fv2%2Fcomments&post=153"}],"version-history":[{"count":7,"href":"https:\/\/karate-trostberg.de\/index.php?rest_route=\/wp\/v2\/pages\/153\/revisions"}],"predecessor-version":[{"id":164,"href":"https:\/\/karate-trostberg.de\/index.php?rest_route=\/wp\/v2\/pages\/153\/revisions\/164"}],"wp:attachment":[{"href":"https:\/\/karate-trostberg.de\/index.php?rest_route=%2Fwp%2Fv2%2Fmedia&parent=153"}],"wp:term":[{"taxonomy":"author","embeddable":true,"href":"https:\/\/karate-trostberg.de\/index.php?rest_route=%2Fwp%2Fv2%2Fppma_author&post=153"}],"curies":[{"name":"wp","href":"https:\/\/api.w.org\/{rel}","templated":true}]}}